{"id":711076,"date":"2021-02-08T10:27:33","date_gmt":"2021-02-08T10:27:33","guid":{"rendered":"https:\/\/galaxysaes.ee\/?page_id=711076"},"modified":"2021-03-23T19:55:45","modified_gmt":"2021-03-23T19:55:45","slug":"accounting","status":"publish","type":"page","link":"https:\/\/galaxysaes.ee\/et\/accounting\/","title":{"rendered":"Raamatupidamine"},"content":{"rendered":"<div data-vc-full-width=\"true\" data-vc-full-width-init=\"false\" class=\"vc_row wpb_row vc_row-fluid vc_custom_1495541085267 vc_row-has-fill vc_row-stretch vc_row-o-equal-height vc_row-o-content-middle vc_row-flex\"><div class=\"wpb_column vc_column_container vc_col-sm-6 col-has-padding col-padding-2 col-padding-right\"><div class=\"vc_column-inner vc_custom_1494861025506\"><div class=\"wpb_wrapper\">\n\t<div  class=\"wpb_single_image wpb_content_element vc_align_left\">\n\t\t\n\t\t<figure class=\"wpb_wrapper vc_figure\">\n\t\t\t<div class=\"vc_single_image-wrapper   vc_box_border_grey\"><img loading=\"lazy\" decoding=\"async\" class=\"vc_single_image-img\" src=\"https:\/\/galaxysaes.ee\/wp-content\/uploads\/2021\/03\/close-up-businessman-with-digital-tablet-scaled-e1616530865824-700x533.jpg\" width=\"700\" height=\"533\" alt=\"Image of businessperson pointing at document in touchpad at meeting\" title=\"Analyzing electronic document\" \/><\/div>\n\t\t<\/figure>\n\t<\/div>\n<\/div><\/div><\/div><div class=\"wpb_column vc_column_container vc_col-sm-6 col-has-padding col-padding-2 col-padding-left\"><div class=\"vc_column-inner vc_custom_1494861039724\"><div class=\"wpb_wrapper\">\n\t<div class=\"wpb_text_column wpb_content_element  vc_custom_1612780097647\">\n\t\t<div class=\"wpb_wrapper\">\n\t\t\t<h2>RAAMATUPIDAMINE ETTEV\u00d5TETELE<\/h2>\n<p>S\u00f5ltumata sellest, mis suurusega v\u00f5i omandi vormiga Teie ettev\u00f5tte on,temale on vaja raamatupidamise arvestus. Kohustus organiseerida arvestusi on usaldatud juhatuse liigele.\n\nLisaks, on vajalik regulaarne maksudeklaratsioonide esitamine Maksuametile, t\u00f6\u00f6lepingute registreerimine T\u00f6\u00f6tajate Registris ning statistika aruandlus. Iga aasta l\u00f5puks on ettev\u00f5tte kohustatud esitama majandusaasta aruande \u00c4riregistrisse, s\u00f5ltumata sellest, kas oli ettev\u00f5ttel majandustegevust v\u00f5i mitte.<\/p>\n<p>Kui Te peaksite p\u00f6\u00f6rduma spetsialisti poole, v\u00f5tab raamatupidamise b\u00fcroo k\u00f5ik sinna kuuluvad k\u00fcsimused enda hooleks.\nMe korraldame Teile nii arvestust, mis v\u00f5imaldab vastu v\u00f5tta \u00f5igeid juhtimiseid otsuseid, kui samuti edukalt saada oma \u00e4riproektidele finanseerimist pankadest ning muudest finants organisatsioonidest prognoosi ja eelmiste aastate statistika alusel.<\/p>\n\n\t\t<\/div>\n\t<\/div>\n<\/div><\/div><\/div><\/div><div class=\"vc_row-full-width vc_clearfix\"><\/div><div data-vc-full-width=\"true\" data-vc-full-width-init=\"false\" class=\"vc_row wpb_row vc_row-fluid vc_custom_1510572858805 bg-color-1 vc_row-has-fill vc_row-stretch vc_row-o-equal-height vc_row-o-content-middle vc_row-flex\"><div class=\"wpb_column vc_column_container vc_col-sm-6 col-has-padding col-padding-2 col-padding-right\"><div class=\"vc_column-inner\"><div class=\"wpb_wrapper\">\n\t<div class=\"wpb_text_column wpb_content_element\">\n\t\t<div class=\"wpb_wrapper\">\n\t\t\t<p>Suuremat r\u00f5hku tahaksime p\u00f6\u00f6rata just noortele ettev\u00f5tjatele, kellel puuduvad suured kogemused. Kuigi tavaliselt v\u00e4iksemad ettev\u00f5tted ei n\u00f5ua igakuist arvepidamist, oleks v\u00f5imalik saada tasuta konsultatsioon p\u00f5hiliste dokumentatsioonide ja k\u00e4itumisreeglite k\u00fcsimustes. Samuti s\u00f5lmida aastane leping \u00c4riregistri aruandluse koostamiseks.<\/p>\n<p>Seoses viimase Raamatupidamise Seaduse muudatusega eesti firmad jagunevad finantside suuruste j\u00e4rgi: mikroettev\u00f5tjad,v\u00e4ikeettev\u00f5tjad, keskmise suurusega ettev\u00f5tjad, suurettev\u00f5tjad, v\u00e4iksed konsolideerimisgruppid, keskmise suurusega konsolideerimisgruppid ja suured konsolideerimisgruppid.<\/p>\n<p>S\u00f5ltuvalt ettev\u00f5tte suurusest, on vajalik koostada teatud riigi aruandlus. Keskmise suurusega ettev\u00f5tted ja suurem ei kasuta raamatupidamise b\u00fcrood, vaid hoopiski peavad palkama spetsialisti arvestuse vallas. Mikro- ja v\u00e4ikeettev\u00f5ttete k\u00f5ige optimaalsemaks valikuks on igakuise teenistus maksudeklaratsioonide ja aastaaruannete esitamisega.<\/p>\n\n\t\t<\/div>\n\t<\/div>\n<\/div><\/div><\/div><div class=\"wpb_column vc_column_container vc_col-sm-6 col-has-padding col-padding-2 col-padding-left\"><div class=\"vc_column-inner\"><div class=\"wpb_wrapper\">\n\t<div  class=\"wpb_single_image wpb_content_element vc_align_left  vc_custom_1616529322921\">\n\t\t\n\t\t<figure class=\"wpb_wrapper vc_figure\">\n\t\t\t<div class=\"vc_single_image-wrapper   vc_box_border_grey\"><img loading=\"lazy\" decoding=\"async\" class=\"vc_single_image-img\" src=\"https:\/\/galaxysaes.ee\/wp-content\/uploads\/2021\/03\/it-s-your-result-is-higher-than-mine-scaled-e1616530860239-700x534.jpg\" width=\"700\" height=\"534\" alt=\"It&#039;s your result is higher than mine?\" title=\"It&#039;s your result is higher than mine?\" \/><\/div>\n\t\t<\/figure>\n\t<\/div>\n<\/div><\/div><\/div><\/div><div class=\"vc_row-full-width vc_clearfix\"><\/div><div data-vc-full-width=\"true\" data-vc-full-width-init=\"false\" data-vc-parallax=\"1.5\" class=\"vc_row wpb_row vc_row-fluid vc_custom_1612780202045 vc_row-has-fill vc_row-stretch vc_general vc_parallax vc_parallax-content-moving\"><div class=\"wpb_column vc_column_container vc_col-sm-12\"><div class=\"vc_column-inner\"><div class=\"wpb_wrapper\">\n\t<div class=\"wpb_text_column wpb_content_element\">\n\t\t<div class=\"wpb_wrapper\">\n\t\t\t<h2>RAAMATUPIDAMISE TAASTAMINE<\/h2>\n<p>Korra loomine raamatupidamises. Kui Teil on mingil p\u00f5hjusel tekkinud rahalisi probleeme ja probleeme arvestuses, on olemas erinevaid valikuv\u00f5imalusi, kuidas saaks neid likvideerida. K\u00f5ige ebasobilikumaks probleemilahenduseks on tegevusetus, et Teil on j\u00e4\u00e4nud maksuv\u00f5lad ja v\u00f5lad kreditooridele v\u00f5i finantsaruandluse puudumised. Laenuandjad rakendavad erinevaid meetmeid v\u00f5la sissen\u00f5udmiseks, aga riik m\u00e4\u00e4rab karistuse trahvi n\u00e4ol. Seega asjalikumaks lahenduseks oleks p\u00f6\u00f6rduda raamatupidamise v\u00f5i advokaadib\u00fcroosse lahendamise leidumiseks ja konsultatsioone jaoks..<\/p>\n<p>Me pakume taastada rikutud arvestus, et likvideerida k\u00f5ige pealt finants aruandluse v\u00f5lgnevus.\n\nSamuti meie praktikas on olnud juhtumeid, kus omanikud on arveldust ise pidanud v\u00f5i usaldanud ebaprofessionaalile, mille tagaj\u00e4rjel kontroll rahaasjades ettev\u00f5ttes kaob. Mida varem Te p\u00f6\u00f6rdute professionaalse raamatupidamise firma poole, seda v\u00e4iksemaks osutub oht trahvi maksmiseks.<\/p>\n<h2>MAKSUSTAMISE N\u00d5UANDED<\/h2>\n<p>Pole saladus, et maksude optimiseerimine v\u00f5ib oluliselt v\u00e4hendada kulusid ettev\u00f5ttes. Seega, kui luua mingit \u00e4riprojekti, see k\u00fcsimus n\u00f5uab k\u00f5igepealt konsultatsiooni spetsialistiga, et v\u00e4ltida maksuriske. Kui Teil on mingeid mittestandardseid toiminguid parim on ka n\u00f5uanda, ja alles siis teha teatud operatsioone<\/p>\n\n\t\t<\/div>\n\t<\/div>\n<\/div><\/div><\/div><\/div><div class=\"vc_row-full-width vc_clearfix\"><\/div><div data-vc-full-width=\"true\" data-vc-full-width-init=\"false\" data-vc-stretch-content=\"true\" class=\"vc_row wpb_row vc_row-fluid vc_custom_1510573204531 bg-color-accent vc_row-has-fill vc_row-stretch vc_row-no-padding bg-overlay bg-overlay-accent\"><div class=\"wpb_column vc_column_container vc_col-sm-12\"><div class=\"vc_column-inner\"><div class=\"wpb_wrapper\"><div class=\"vntd-cta cta-text-color-white bg-color-none cta-align-center\"><div class=\"container\"><div class=\"row\"><div class=\"cta-texts\"><h2 class=\"cta-heading\"><span>V\u00f5ta meiega \u00fchendust<\/span><\/h2><\/div><div class=\"cta-buttons\"><a href=\"https:\/\/galaxysaes.ee\/et\/contact\/\" class=\"btn cta-btn1 btn-outline btn-white btn-hover-white\">Kontakt<\/a><\/div><\/div><\/div><\/div><\/div><\/div><\/div><\/div><div class=\"vc_row-full-width vc_clearfix\"><\/div>","protected":false},"excerpt":{"rendered":"ACCOUNTING SERVICE FOR COMPANIES Regardless of the size or the property type of your company, you will need an accounting service. The duty of arranging accounting service lays on the member of the board of the company. You will need a regular tax declaration to the Tax Department, employment agreements [...]","protected":false},"author":1,"featured_media":0,"parent":0,"menu_order":0,"comment_status":"closed","ping_status":"closed","template":"","meta":{"footnotes":""},"class_list":["post-711076","page","type-page","status-publish","hentry"],"_links":{"self":[{"href":"https:\/\/galaxysaes.ee\/et\/wp-json\/wp\/v2\/pages\/711076","targetHints":{"allow":["GET"]}}],"collection":[{"href":"https:\/\/galaxysaes.ee\/et\/wp-json\/wp\/v2\/pages"}],"about":[{"href":"https:\/\/galaxysaes.ee\/et\/wp-json\/wp\/v2\/types\/page"}],"author":[{"embeddable":true,"href":"https:\/\/galaxysaes.ee\/et\/wp-json\/wp\/v2\/users\/1"}],"replies":[{"embeddable":true,"href":"https:\/\/galaxysaes.ee\/et\/wp-json\/wp\/v2\/comments?post=711076"}],"version-history":[{"count":0,"href":"https:\/\/galaxysaes.ee\/et\/wp-json\/wp\/v2\/pages\/711076\/revisions"}],"wp:attachment":[{"href":"https:\/\/galaxysaes.ee\/et\/wp-json\/wp\/v2\/media?parent=711076"}],"curies":[{"name":"wp","href":"https:\/\/api.w.org\/{rel}","templated":true}]}}