{"id":711086,"date":"2021-02-08T10:32:47","date_gmt":"2021-02-08T10:32:47","guid":{"rendered":"https:\/\/galaxysaes.ee\/?page_id=711086"},"modified":"2021-03-23T20:15:14","modified_gmt":"2021-03-23T20:15:14","slug":"updating","status":"publish","type":"page","link":"https:\/\/galaxysaes.ee\/et\/updating\/","title":{"rendered":"Uuendamine"},"content":{"rendered":"<div data-vc-full-width=\"true\" data-vc-full-width-init=\"false\" class=\"vc_row wpb_row vc_row-fluid vc_custom_1495541085267 vc_row-has-fill vc_row-stretch vc_row-o-equal-height vc_row-o-content-middle vc_row-flex\"><div class=\"wpb_column vc_column_container vc_col-sm-6 col-has-padding col-padding-2 col-padding-right\"><div class=\"vc_column-inner vc_custom_1494861025506\"><div class=\"wpb_wrapper\">\n\t<div  class=\"wpb_single_image wpb_content_element vc_align_left\">\n\t\t\n\t\t<figure class=\"wpb_wrapper vc_figure\">\n\t\t\t<div class=\"vc_single_image-wrapper   vc_box_border_grey\"><img loading=\"lazy\" decoding=\"async\" class=\"vc_single_image-img\" src=\"https:\/\/galaxysaes.ee\/wp-content\/uploads\/2021\/03\/business-people-office-scaled-e1616530825617-533x600.jpg\" width=\"533\" height=\"600\" alt=\"Business situations. People in the office\" title=\"Business people\" \/><\/div>\n\t\t<\/figure>\n\t<\/div>\n<\/div><\/div><\/div><div class=\"wpb_column vc_column_container vc_col-sm-6 col-has-padding col-padding-2 col-padding-left\"><div class=\"vc_column-inner vc_custom_1494861039724\"><div class=\"wpb_wrapper\">\n\t<div class=\"wpb_text_column wpb_content_element  vc_custom_1612780361212\">\n\t\t<div class=\"wpb_wrapper\">\n\t\t\t<h2>RAAMATUPIDAMISE TAASTAMINE<\/h2>\n<p>Korra loomine raamatupidamises. Kui Teil on mingil p\u00f5hjusel tekkinud rahalisi probleeme ja probleeme arvestuses, on olemas erinevaid valikuv\u00f5imalusi, kuidas saaks neid likvideerida. K\u00f5ige ebasobilikumaks probleemilahenduseks on tegevusetus, et Teil on j\u00e4\u00e4nud maksuv\u00f5lad ja v\u00f5lad kreditooridele v\u00f5i finantsaruandluse puudumised. Laenuandjad rakendavad erinevaid meetmeid v\u00f5la sissen\u00f5udmiseks, aga riik m\u00e4\u00e4rab karistuse trahvi n\u00e4ol. Seega asjalikumaks lahenduseks oleks p\u00f6\u00f6rduda raamatupidamise v\u00f5i advokaadib\u00fcroosse lahendamise leidumiseks ja konsultatsioone jaoks..<\/p>\n<p>Me pakume taastada rikutud arvestus, et likvideerida k\u00f5ige pealt finants aruandluse v\u00f5lgnevus.\n\nSamuti meie praktikas on olnud juhtumeid, kus omanikud on arveldust ise pidanud v\u00f5i usaldanud ebaprofessionaalile, mille tagaj\u00e4rjel kontroll rahaasjades ettev\u00f5ttes kaob. Mida varem Te p\u00f6\u00f6rdute professionaalse raamatupidamise firma poole, seda v\u00e4iksemaks osutub oht trahvi maksmiseks.<\/p>\n\n\t\t<\/div>\n\t<\/div>\n<\/div><\/div><\/div><\/div><div class=\"vc_row-full-width vc_clearfix\"><\/div><div data-vc-full-width=\"true\" data-vc-full-width-init=\"false\" data-vc-stretch-content=\"true\" class=\"vc_row wpb_row vc_row-fluid vc_custom_1510573204531 bg-color-accent vc_row-has-fill vc_row-stretch vc_row-no-padding bg-overlay bg-overlay-accent\"><div class=\"wpb_column vc_column_container vc_col-sm-12\"><div class=\"vc_column-inner\"><div class=\"wpb_wrapper\"><div class=\"vntd-cta cta-text-color-white bg-color-none cta-align-center\"><div class=\"container\"><div class=\"row\"><div class=\"cta-texts\"><h2 class=\"cta-heading\"><span>V\u00f5ta meiega \u00fchendust<\/span><\/h2><\/div><div class=\"cta-buttons\"><a href=\"https:\/\/galaxysaes.ee\/et\/contact\/\" class=\"btn cta-btn1 btn-outline btn-white btn-hover-white\">Kontakt<\/a><\/div><\/div><\/div><\/div><\/div><\/div><\/div><\/div><div class=\"vc_row-full-width vc_clearfix\"><\/div>","protected":false},"excerpt":{"rendered":"RESTORATION OF ABANDONED ACCOUNTING If you have got any financial difficulties and issues with accounting, there are several ways to solve the situation. The worst solution is to do nothing, so that you will end up with tax and creditors debts, or financial reporting liability. Creditors will take measures for [...]","protected":false},"author":1,"featured_media":0,"parent":0,"menu_order":0,"comment_status":"closed","ping_status":"closed","template":"","meta":{"footnotes":""},"class_list":["post-711086","page","type-page","status-publish","hentry"],"_links":{"self":[{"href":"https:\/\/galaxysaes.ee\/et\/wp-json\/wp\/v2\/pages\/711086","targetHints":{"allow":["GET"]}}],"collection":[{"href":"https:\/\/galaxysaes.ee\/et\/wp-json\/wp\/v2\/pages"}],"about":[{"href":"https:\/\/galaxysaes.ee\/et\/wp-json\/wp\/v2\/types\/page"}],"author":[{"embeddable":true,"href":"https:\/\/galaxysaes.ee\/et\/wp-json\/wp\/v2\/users\/1"}],"replies":[{"embeddable":true,"href":"https:\/\/galaxysaes.ee\/et\/wp-json\/wp\/v2\/comments?post=711086"}],"version-history":[{"count":0,"href":"https:\/\/galaxysaes.ee\/et\/wp-json\/wp\/v2\/pages\/711086\/revisions"}],"wp:attachment":[{"href":"https:\/\/galaxysaes.ee\/et\/wp-json\/wp\/v2\/media?parent=711086"}],"curies":[{"name":"wp","href":"https:\/\/api.w.org\/{rel}","templated":true}]}}