{"id":711090,"date":"2021-02-08T10:35:07","date_gmt":"2021-02-08T10:35:07","guid":{"rendered":"https:\/\/galaxysaes.ee\/?page_id=711090"},"modified":"2021-03-23T20:19:01","modified_gmt":"2021-03-23T20:19:01","slug":"liquidation","status":"publish","type":"page","link":"https:\/\/galaxysaes.ee\/et\/liquidation\/","title":{"rendered":"Likvideerimine"},"content":{"rendered":"<div data-vc-full-width=\"true\" data-vc-full-width-init=\"false\" class=\"vc_row wpb_row vc_row-fluid vc_custom_1495541085267 vc_row-has-fill vc_row-stretch vc_row-o-equal-height vc_row-o-content-middle vc_row-flex\"><div class=\"wpb_column vc_column_container vc_col-sm-6 col-has-padding col-padding-2 col-padding-right\"><div class=\"vc_column-inner vc_custom_1494861025506\"><div class=\"wpb_wrapper\">\n\t<div  class=\"wpb_single_image wpb_content_element vc_align_left\">\n\t\t\n\t\t<figure class=\"wpb_wrapper vc_figure\">\n\t\t\t<div class=\"vc_single_image-wrapper   vc_box_border_grey\"><img loading=\"lazy\" decoding=\"async\" class=\"vc_single_image-img\" src=\"https:\/\/galaxysaes.ee\/wp-content\/uploads\/2021\/03\/unrecognizable-business-partners-working-with-statistic-charts-businessman-holding-tablet-professional-content-businesswoman-making-notes-statistics-communication-partnership-concept-scaled-e1616530796846.jpg\" width=\"700\" height=\"467\" alt=\"Unrecognizable business partners working with statistic charts. Businessman holding tablet. Professional content businesswoman making notes for statistics. Communication and partnership concept\" title=\"Unrecognizable business partners working with statistic charts\" \/><\/div>\n\t\t<\/figure>\n\t<\/div>\n<\/div><\/div><\/div><div class=\"wpb_column vc_column_container vc_col-sm-6 col-has-padding col-padding-2 col-padding-left\"><div class=\"vc_column-inner vc_custom_1494861039724\"><div class=\"wpb_wrapper\">\n\t<div class=\"wpb_text_column wpb_content_element  vc_custom_1612780474537\">\n\t\t<div class=\"wpb_wrapper\">\n\t\t\t<h2>UUE FIRMA LOOMINE<\/h2>\n<p>T\u00e4nap\u00e4eval uut firmat luua ei ole \u00fcldsegi keeruline. Seda tehakse kas internet teel v\u00f5i notari kaudu. P\u00e4rast riigil\u00f5ivu tasumist saab Teist omanik paari p\u00e4eva jooksul.<\/p>\n<p>Meie b\u00fcroo aitab Teil valida \u00f5iget omandivormi s\u00f5ltuvalt \u00e4ritegevuse planeerimisest. Samuti toetades Teid just raamatupidamises, eriti kui olete noor ettev\u00f5tja. Ettev\u00f5tlusvormide kohta on Teil v\u00f5imalik lugeda Eesti \u00c4riseadistikust.<\/p>\n\n\t\t<\/div>\n\t<\/div>\n<\/div><\/div><\/div><\/div><div class=\"vc_row-full-width vc_clearfix\"><\/div><div data-vc-full-width=\"true\" data-vc-full-width-init=\"false\" class=\"vc_row wpb_row vc_row-fluid vc_custom_1510572858805 bg-color-1 vc_row-has-fill vc_row-stretch vc_row-o-equal-height vc_row-o-content-middle vc_row-flex\"><div class=\"wpb_column vc_column_container vc_col-sm-6 col-has-padding col-padding-2 col-padding-right\"><div class=\"vc_column-inner\"><div class=\"wpb_wrapper\">\n\t<div class=\"wpb_text_column wpb_content_element\">\n\t\t<div class=\"wpb_wrapper\">\n\t\t\t<h2>VANA FIRMA LIKVIDEERIMINE<\/h2>\n<p>Juhul kui olete otsustanud oma firma sulgeda, peaksite Te esindada avalduse \u00c4riregistris ning tegema l\u00f5pliku likvideerimisbilanssi. S\u00f5ltuvalt v\u00f5la kohustsusest, v\u00f5ib see olla kas vabatahtlik sulgemine, kui ka sunniviisiline pankrott.<\/p>\n<p>Pankrotimenetlusest v\u00f5ite lugeda Pankrotiseadusest.<\/p>\n<p>Teeme toetusi, juhul kui firma otsustas vabatahlikult sulguda, samuti ka pankroti korral. N\u00f5ustame protseduurist ning dokumentatsiooni j\u00e4rjekorrast \u00c4riregistris firma likvideerimisest.<\/p>\n\n\t\t<\/div>\n\t<\/div>\n<\/div><\/div><\/div><div class=\"wpb_column vc_column_container vc_col-sm-6 col-has-padding col-padding-2 col-padding-left\"><div class=\"vc_column-inner\"><div class=\"wpb_wrapper\">\n\t<div  class=\"wpb_single_image wpb_content_element vc_align_left  vc_custom_1616530739467\">\n\t\t\n\t\t<figure class=\"wpb_wrapper vc_figure\">\n\t\t\t<div class=\"vc_single_image-wrapper   vc_box_border_grey\"><img loading=\"lazy\" decoding=\"async\" class=\"vc_single_image-img\" src=\"https:\/\/galaxysaes.ee\/wp-content\/uploads\/2021\/03\/online-statistics-scaled-e1616530818213-700x533.jpg\" width=\"700\" height=\"533\" alt=\"Statistics chart on laptop display and trader analyzing the data\" title=\"Online statistics\" \/><\/div>\n\t\t<\/figure>\n\t<\/div>\n<\/div><\/div><\/div><\/div><div class=\"vc_row-full-width vc_clearfix\"><\/div><div data-vc-full-width=\"true\" data-vc-full-width-init=\"false\" data-vc-stretch-content=\"true\" class=\"vc_row wpb_row vc_row-fluid vc_custom_1510573204531 bg-color-accent vc_row-has-fill vc_row-stretch vc_row-no-padding bg-overlay bg-overlay-accent\"><div class=\"wpb_column vc_column_container vc_col-sm-12\"><div class=\"vc_column-inner\"><div class=\"wpb_wrapper\"><div class=\"vntd-cta cta-text-color-white bg-color-none cta-align-center\"><div class=\"container\"><div class=\"row\"><div class=\"cta-texts\"><h2 class=\"cta-heading\"><span>V\u00f5ta meiega \u00fchendust<\/span><\/h2><\/div><div class=\"cta-buttons\"><a href=\"https:\/\/galaxysaes.ee\/et\/contact\/\" class=\"btn cta-btn1 btn-outline btn-white btn-hover-white\">Kontakt<\/a><\/div><\/div><\/div><\/div><\/div><\/div><\/div><\/div><div class=\"vc_row-full-width vc_clearfix\"><\/div>","protected":false},"excerpt":{"rendered":"ESTABLISHMENT OF NEW COMPANIES Nowadays it is not complicated to establish a new company. It is possible to do either online or at the notary. After have paid state duty you become an owner during several days. Our bureau will help you to choose correct type of the ownership depending [...]","protected":false},"author":1,"featured_media":0,"parent":0,"menu_order":0,"comment_status":"closed","ping_status":"closed","template":"","meta":{"footnotes":""},"class_list":["post-711090","page","type-page","status-publish","hentry"],"_links":{"self":[{"href":"https:\/\/galaxysaes.ee\/et\/wp-json\/wp\/v2\/pages\/711090","targetHints":{"allow":["GET"]}}],"collection":[{"href":"https:\/\/galaxysaes.ee\/et\/wp-json\/wp\/v2\/pages"}],"about":[{"href":"https:\/\/galaxysaes.ee\/et\/wp-json\/wp\/v2\/types\/page"}],"author":[{"embeddable":true,"href":"https:\/\/galaxysaes.ee\/et\/wp-json\/wp\/v2\/users\/1"}],"replies":[{"embeddable":true,"href":"https:\/\/galaxysaes.ee\/et\/wp-json\/wp\/v2\/comments?post=711090"}],"version-history":[{"count":0,"href":"https:\/\/galaxysaes.ee\/et\/wp-json\/wp\/v2\/pages\/711090\/revisions"}],"wp:attachment":[{"href":"https:\/\/galaxysaes.ee\/et\/wp-json\/wp\/v2\/media?parent=711090"}],"curies":[{"name":"wp","href":"https:\/\/api.w.org\/{rel}","templated":true}]}}