{"id":711112,"date":"2021-03-08T15:17:32","date_gmt":"2021-03-08T15:17:32","guid":{"rendered":"https:\/\/galaxysaes.ee\/?page_id=711112"},"modified":"2023-10-05T07:06:58","modified_gmt":"2023-10-05T07:06:58","slug":"prices","status":"publish","type":"page","link":"https:\/\/galaxysaes.ee\/et\/prices\/","title":{"rendered":"Hinnad"},"content":{"rendered":"<div data-vc-full-width=\"true\" data-vc-full-width-init=\"false\" class=\"vc_row wpb_row vc_row-fluid vc_custom_1616603142979 bg-color-1 vc_row-has-fill vc_row-stretch\"><div class=\"wpb_column vc_column_container vc_col-sm-12\"><div class=\"vc_column-inner\"><div class=\"wpb_wrapper\"><div class=\"special-heading vntd-heading heading-no-border heading-align-center\"style=\"margin-bottom:55px;\"><h3 class=\"special-heading-title\">RAAMATUPIDAMISTEENUSTE BAASPAKETTIDE N\u00c4ITED<\/h3><\/div><div class=\"vc_row wpb_row vc_inner vc_row-fluid vc_custom_1494253419308\"><div class=\"wpb_column vc_column_container vc_col-sm-4\"><div class=\"vc_column-inner\"><div class=\"wpb_wrapper\"><div class=\"pricing-box pricing-box-minimal pricing-box-white\"><h4 class=\"pricing-box-title\">1. PAKETT<\/h2><div class=\"pricing-box-price\"><h5>al. 150 \u20ac<\/h5><span class=\"pricing-box-period\">\/ IGAKUINE TEENINDAMINE<\/span><\/div><ul class=\"pricing-box-features\"><li>Kuni 100 raamatupidamiskande tegemine \u00fches kuus;<\/li><li>T\u00f6\u00f6tasu arvestamine kuni 5 t\u00f6\u00f6tajale;<\/li><li>Maksudeklaratsioonide igakuuline koostamine ja esitamine;<\/li><li>Konsultatsioonid maksude ja raamatupidamisarvestuse valdkonnas kuni 2 t;<\/li><li>Dokumentide arhiveerimine ja dokumentide arhiivi hoidmine kuni 2 aastat;<\/li><li><\/li><li>Kellele sobib 1. pakett?<\/li><li>Neile ettev\u00f5tetele, kes peavad Maksu- ja Tolliametile igakuiselt deklaratsioone esitama.<\/li><\/ul><div class=\"pricing-box-button-holder\"><a href=\"https:\/\/galaxysaes.ee\/et\/contact\/\" class=\"btn pricing-box-button btn-hover-dark btn-grey\">Saada p\u00e4ring<\/a><\/div><\/div><\/div><\/div><\/div><div class=\"wpb_column vc_column_container vc_col-sm-4\"><div class=\"vc_column-inner\"><div class=\"wpb_wrapper\"><div class=\"pricing-box pricing-box-featured  border-color-accent pricing-box-minimal pricing-box-white\"><h4 class=\"pricing-box-title\">2. PAKETT<\/h2><div class=\"pricing-box-price\"><h5>al. 300 \u20ac<\/h5><span class=\"pricing-box-period\">\/ \u00dcKS KORD AASTAS<\/span><\/div><ul class=\"pricing-box-features\"><li>Kuni 250 raamatupidamiskande tegemine \u00fches aastas;<\/li><li>Majandusaasta aruande koostamine ja esitamine \u00e4riregistrile;<\/li><li>Dokumentide arhiveerimine ja dokumentide arhiivi hoidmine kuni 2 aastat;<\/li><li><\/li><li>Kellele sobib 2. pakett? <\/li><li>Neile ettev\u00f5tetele, kes ei pea Maksu- ja Tolliametile igakuiselt deklaratsioone esitama ja kellele puudus majandustegevus.<\/li><\/ul><div class=\"pricing-box-button-holder\"><a href=\"https:\/\/galaxysaes.ee\/et\/contact\/\" class=\"btn pricing-box-button btn-hover-dark btn-accent\">Saada p\u00e4ring<\/a><\/div><\/div><\/div><\/div><\/div><div class=\"wpb_column vc_column_container vc_col-sm-4\"><div class=\"vc_column-inner\"><div class=\"wpb_wrapper\"><div class=\"pricing-box pricing-box-minimal pricing-box-white\"><h4 class=\"pricing-box-title\">3. PAKETT<\/h2><div class=\"pricing-box-price\"><h5>al. 150 \u20ac<\/h5><span class=\"pricing-box-period\">\/ RAAMATUPIDAMISTEENUSED \u00dcKS KORD AASTAS ETTEV\u00d5TETELE, KELLEL PUUDUS MAJANDUSTEGEVUS<\/span><\/div><ul class=\"pricing-box-features\"><li>Majandusaasta aruande koostamine ja esitamine \u00e4riregistrile;<\/li><li><\/li><li>Kellele sobib 3. pakett?<\/li><li>Neile ettev\u00f5tetele, kes ei pea Maksu- ja Tolliametile igakuiselt deklaratsioone esitama ja kellele puudus majandustegevus.<\/li><li><\/li><\/ul><div class=\"pricing-box-button-holder\"><a href=\"https:\/\/galaxysaes.ee\/et\/contact\/\" class=\"btn pricing-box-button btn-hover-dark btn-grey\">Saada p\u00e4ring<\/a><\/div><\/div><\/div><\/div><\/div><\/div><\/div><\/div><\/div><\/div><div class=\"vc_row-full-width vc_clearfix\"><\/div><div data-vc-full-width=\"true\" data-vc-full-width-init=\"false\" data-vc-stretch-content=\"true\" class=\"vc_row wpb_row vc_row-fluid vc_custom_1502286161193 vc_row-stretch vc_row-no-padding\"><div class=\"wpb_column vc_column_container vc_col-sm-12\"><div class=\"vc_column-inner\"><div class=\"wpb_wrapper\"><div class=\"vntd-cta cta-text-color-dark bg-color-none cta-align-center\"><div class=\"container\"><div class=\"row\"><div class=\"cta-texts\"><h2 class=\"cta-heading\"><span>Kas teil on k\u00fcsimusi?<\/span><\/h2><\/div><div class=\"cta-buttons\"><a href=\"https:\/\/galaxysaes.ee\/et\/contact\/\" class=\"btn cta-btn1 btn-solid btn-accent btn-hover-dark\">V\u00f5ta meiega \u00fchendust<\/a><\/div><\/div><\/div><\/div><\/div><\/div><\/div><\/div><div class=\"vc_row-full-width vc_clearfix\"><\/div>","protected":false},"excerpt":{"rendered":"BASIC ACCOUNTING PACKAGESPACKAGE 1from 150 \u20ac\/ MONTHLY SERVICECarrying out of up to 100 accounting postings per month;Maintaining of payroll accounting records for up to 5 employees;Monthly preparation and submission of tax returns;Advice on taxes and accounting up to 2 hours;Document archiving and archive storage up to 2 years;To whom does [...]","protected":false},"author":1,"featured_media":0,"parent":0,"menu_order":0,"comment_status":"closed","ping_status":"closed","template":"","meta":{"footnotes":""},"class_list":["post-711112","page","type-page","status-publish","hentry"],"_links":{"self":[{"href":"https:\/\/galaxysaes.ee\/et\/wp-json\/wp\/v2\/pages\/711112","targetHints":{"allow":["GET"]}}],"collection":[{"href":"https:\/\/galaxysaes.ee\/et\/wp-json\/wp\/v2\/pages"}],"about":[{"href":"https:\/\/galaxysaes.ee\/et\/wp-json\/wp\/v2\/types\/page"}],"author":[{"embeddable":true,"href":"https:\/\/galaxysaes.ee\/et\/wp-json\/wp\/v2\/users\/1"}],"replies":[{"embeddable":true,"href":"https:\/\/galaxysaes.ee\/et\/wp-json\/wp\/v2\/comments?post=711112"}],"version-history":[{"count":16,"href":"https:\/\/galaxysaes.ee\/et\/wp-json\/wp\/v2\/pages\/711112\/revisions"}],"predecessor-version":[{"id":711233,"href":"https:\/\/galaxysaes.ee\/et\/wp-json\/wp\/v2\/pages\/711112\/revisions\/711233"}],"wp:attachment":[{"href":"https:\/\/galaxysaes.ee\/et\/wp-json\/wp\/v2\/media?parent=711112"}],"curies":[{"name":"wp","href":"https:\/\/api.w.org\/{rel}","templated":true}]}}