{"id":18,"date":"2017-04-21T15:41:42","date_gmt":"2017-04-21T15:41:42","guid":{"rendered":"http:\/\/engage.veented.com\/yoga\/?page_id=18"},"modified":"2021-03-24T16:01:25","modified_gmt":"2021-03-24T16:01:25","slug":"contact","status":"publish","type":"page","link":"https:\/\/galaxysaes.ee\/ru\/contact\/","title":{"rendered":"\u041a\u043e\u043d\u0442\u0430\u043a\u0442"},"content":{"rendered":"<div data-vc-full-width=\"true\" data-vc-full-width-init=\"false\" class=\"vc_row wpb_row vc_row-fluid vc_custom_1510578441242 vc_row-stretch\"><div class=\"wpb_column vc_column_container vc_col-sm-3\"><div class=\"vc_column-inner\"><div class=\"wpb_wrapper\"><div class=\"vc_icon_element vc_icon_element-outer vc_custom_1616526576622 vc_icon_element-align-center vc_icon_element-have-style\"><div class=\"vc_icon_element-inner vc_icon_element-color-white vc_icon_element-have-style-inner vc_icon_element-size-md vc_icon_element-style-rounded vc_icon_element-background vc_icon_element-background-color-accent\" ><span class=\"vc_icon_element-icon fas fa-bell\" ><\/span><\/div><\/div>\n\t<div class=\"wpb_text_column wpb_content_element  vc_custom_1616526583924\">\n\t\t<div class=\"wpb_wrapper\">\n\t\t\t<p style=\"text-align: center;\"><strong>\u041a\u043e\u043c\u043f\u0430\u043d\u0438\u044f<\/strong><\/p>\n\n\t\t<\/div>\n\t<\/div>\n\n\t<div class=\"wpb_text_column wpb_content_element\">\n\t\t<div class=\"wpb_wrapper\">\n\t\t\t<p style=\"text-align: center;\">GALAXY SAES O\u00dc (11471091)<\/p>\n<p style=\"text-align: center;\">L\u00e4\u00e4nemere tee 38-51, 13914<\/p>\n\n\t\t<\/div>\n\t<\/div>\n<\/div><\/div><\/div><div class=\"wpb_column vc_column_container vc_col-sm-3\"><div class=\"vc_column-inner\"><div class=\"wpb_wrapper\"><div class=\"vc_icon_element vc_icon_element-outer vc_custom_1510578226420 vc_icon_element-align-center vc_icon_element-have-style\"><div class=\"vc_icon_element-inner vc_icon_element-color-white vc_icon_element-have-style-inner vc_icon_element-size-md vc_icon_element-style-rounded vc_icon_element-background vc_icon_element-background-color-accent\" ><span class=\"vc_icon_element-icon fa fa-envelope-open-o\" ><\/span><\/div><\/div>\n\t<div class=\"wpb_text_column wpb_content_element  vc_custom_1611849866766\">\n\t\t<div class=\"wpb_wrapper\">\n\t\t\t<p style=\"text-align: center;\"><strong>\u042d\u043b. \u043f\u043e\u0447\u0442\u0430<\/strong><\/p>\n\n\t\t<\/div>\n\t<\/div>\n\n\t<div class=\"wpb_text_column wpb_content_element\">\n\t\t<div class=\"wpb_wrapper\">\n\t\t\t<p style=\"text-align: center;\"><a href=\"mailto:info@galaxysaes.ee\">info@galaxysaes.ee<\/a><\/p>\n\n\t\t<\/div>\n\t<\/div>\n<\/div><\/div><\/div><div class=\"wpb_column vc_column_container vc_col-sm-3\"><div class=\"vc_column-inner\"><div class=\"wpb_wrapper\"><div class=\"vc_icon_element vc_icon_element-outer vc_custom_1510578296350 vc_icon_element-align-center vc_icon_element-have-style\"><div class=\"vc_icon_element-inner vc_icon_element-color-white vc_icon_element-have-style-inner vc_icon_element-size-md vc_icon_element-style-rounded vc_icon_element-background vc_icon_element-background-color-accent\" ><span class=\"vc_icon_element-icon fa fa-phone\" ><\/span><\/div><\/div>\n\t<div class=\"wpb_text_column wpb_content_element  vc_custom_1616526296156\">\n\t\t<div class=\"wpb_wrapper\">\n\t\t\t<p style=\"text-align: center;\"><strong>\u0422\u0435\u043b\u0435\u0444\u043e\u043d<\/strong><\/p>\n\n\t\t<\/div>\n\t<\/div>\n\n\t<div class=\"wpb_text_column wpb_content_element\">\n\t\t<div class=\"wpb_wrapper\">\n\t\t\t<p style=\"text-align: center;\"><a href=\"callto:+3725525769\">+372 552 5769<\/a>\u00a0(RUS)<\/p>\n<p style=\"text-align: center;\"><a href=\"callto:+37255661937\">+37255661937<\/a><\/p>\n\n\t\t<\/div>\n\t<\/div>\n<\/div><\/div><\/div><div class=\"wpb_column vc_column_container vc_col-sm-3\"><div class=\"vc_column-inner\"><div class=\"wpb_wrapper\"><div class=\"vc_icon_element vc_icon_element-outer vc_custom_1510578341343 vc_icon_element-align-center vc_icon_element-have-style\"><div class=\"vc_icon_element-inner vc_icon_element-color-white vc_icon_element-have-style-inner vc_icon_element-size-md vc_icon_element-style-rounded vc_icon_element-background vc_icon_element-background-color-accent\" ><span class=\"vc_icon_element-icon fa fa-map\" ><\/span><\/div><\/div>\n\t<div class=\"wpb_text_column wpb_content_element  vc_custom_1616601466809\">\n\t\t<div class=\"wpb_wrapper\">\n\t\t\t<p style=\"text-align: center;\"><strong>\u041e\u0444\u0438\u0441<\/strong><\/p>\n\n\t\t<\/div>\n\t<\/div>\n\n\t<div class=\"wpb_text_column wpb_content_element\">\n\t\t<div class=\"wpb_wrapper\">\n\t\t\t<p style=\"text-align: center;\">Parda 4, Tallinn<\/p>\n<p style=\"text-align: center;\">5 \u044d\u0442\u0430\u0436, \u043a\u043e\u043c\u043d\u0430\u0442\u0430 532<\/p>\n\n\t\t<\/div>\n\t<\/div>\n<\/div><\/div><\/div><\/div><div class=\"vc_row-full-width vc_clearfix\"><\/div>","protected":false},"excerpt":{"rendered":"Company GALAXY SAES O\u00dc (11471091) L\u00e4\u00e4nemere tee 38-51, 13914 Email info@galaxysaes.ee Phone +372 552 5769\u00a0(RUS) +37255661937 Office Parda 4, Tallinn 5 floor, room 532","protected":false},"author":1,"featured_media":0,"parent":0,"menu_order":0,"comment_status":"closed","ping_status":"closed","template":"","meta":{"footnotes":""},"class_list":["post-18","page","type-page","status-publish","hentry"],"_links":{"self":[{"href":"https:\/\/galaxysaes.ee\/ru\/wp-json\/wp\/v2\/pages\/18","targetHints":{"allow":["GET"]}}],"collection":[{"href":"https:\/\/galaxysaes.ee\/ru\/wp-json\/wp\/v2\/pages"}],"about":[{"href":"https:\/\/galaxysaes.ee\/ru\/wp-json\/wp\/v2\/types\/page"}],"author":[{"embeddable":true,"href":"https:\/\/galaxysaes.ee\/ru\/wp-json\/wp\/v2\/users\/1"}],"replies":[{"embeddable":true,"href":"https:\/\/galaxysaes.ee\/ru\/wp-json\/wp\/v2\/comments?post=18"}],"version-history":[{"count":4,"href":"https:\/\/galaxysaes.ee\/ru\/wp-json\/wp\/v2\/pages\/18\/revisions"}],"predecessor-version":[{"id":711191,"href":"https:\/\/galaxysaes.ee\/ru\/wp-json\/wp\/v2\/pages\/18\/revisions\/711191"}],"wp:attachment":[{"href":"https:\/\/galaxysaes.ee\/ru\/wp-json\/wp\/v2\/media?parent=18"}],"curies":[{"name":"wp","href":"https:\/\/api.w.org\/{rel}","templated":true}]}}